{"id":4805,"date":"2023-03-23T09:32:25","date_gmt":"2023-03-23T08:32:25","guid":{"rendered":"https:\/\/liuto-forte.de\/?page_id=4805"},"modified":"2023-03-23T09:32:25","modified_gmt":"2023-03-23T08:32:25","slug":"casey-fitzpatrick","status":"publish","type":"page","link":"https:\/\/liuto-forte.de\/fr\/willkommen\/musikerstimmen\/casey-fitzpatrick\/","title":{"rendered":"Casey Fitzpatrick"},"content":{"rendered":"<p>[et_pb_section bb_built=\u00a0\u00bb1&Prime;][et_pb_row][et_pb_column type=\u00a0\u00bb1_4&Prime;][et_pb_sidebar admin_label=\u00a0\u00bbSeitenleiste:\u00a0\u00bb _builder_version=\u00a0\u00bb3.19.6&Prime; area=\u00a0\u00bbet_pb_widget_area_2&Prime; show_border=\u00a0\u00bboff\u00a0\u00bb saved_tabs=\u00a0\u00bball\u00a0\u00bb global_module=\u00a0\u00bb302&Prime; \/][\/et_pb_column][et_pb_column type=\u00a0\u00bb3_4&Prime;][et_pb_text admin_label=\u00a0\u00bbTitel: Konstantin Bozhinov, Lautenist und Komponist, Kanada\u00a0\u00bb _builder_version=\u00a0\u00bb3.19.11&Prime;]<\/p>\n<h1>Casey Fitzpatrick<\/h1>\n<p>Gitarrist, Australien<br \/><strong>Liuto forte in g<\/strong><\/p>\n<p>Ich hatte eine gro\u00dfartige Zeit damit den Liuto forte zu spielen, der inzwischen zu meinem Hauptinstrument geworden ist. Der Liuto Forte macht die Erzeugung eines sauberen, resonanten Tones unkomplizierter und zuverl\u00e4ssiger (im Vergleich zu den etwas prek\u00e4ren Klangeigenschaften historischer Lauten). Es ist zu einfach, nur die nach historischen Vorbildern gebauten Instrumente zu sch\u00e4tzen, denn die Zweckm\u00e4\u00dfigkeit von festen B\u00fcnden, halb so vielen Saiten (aber mit ebenso viel Volumen), der Flexibilit\u00e4t bei der Verwendung der N\u00e4gel, kombiniert mit einem Klang, der &#8211; abgesehen von der gr\u00f6\u00dferen Lautst\u00e4rke und Ausdruckskraft der Neuen Laute &#8211; von dem historischer Lauten au\u00dfer in den Ohren des Spezialisten kaum zu unterscheiden ist, machen den Liuto forte zu einem unverzichtbaren Instrument.<\/p>\n<p>[\/et_pb_text][et_pb_image _builder_version=\u00a0\u00bb3.19.6&Prime; src=\u00a0\u00bbhttps:\/\/liuto-forte.de\/wp-content\/uploads\/2019\/01\/image004.png\u00a0\u00bb \/][\/et_pb_column][\/et_pb_row][\/et_pb_section]<\/p>\n","protected":false},"excerpt":{"rendered":"<p><div class=\"et_pb_row et_pb_row_0 et_pb_row_empty\">\n\t\t\t\t\n\t\t\t\t\n\t\t\t\t\n\t\t\t\t\n\t\t\t\t\n\t\t\t<\/div> Casey FitzpatrickGitarrist, AustralienLiuto forte in gIch hatte eine gro\u00dfartige Zeit damit den Liuto forte zu spielen, der inzwischen zu meinem Hauptinstrument geworden ist. Der Liuto Forte macht die Erzeugung eines sauberen, resonanten Tones unkomplizierter und zuverl\u00e4ssiger (im Vergleich zu den etwas prek\u00e4ren Klangeigenschaften historischer Lauten). Es ist zu einfach, nur die nach historischen Vorbildern [&hellip;]<\/p>\n","protected":false},"author":1,"featured_media":0,"parent":4169,"menu_order":0,"comment_status":"closed","ping_status":"closed","template":"","meta":{"_et_pb_use_builder":"on","_et_pb_old_content":"","_et_gb_content_width":"","_exactmetrics_skip_tracking":false,"_exactmetrics_sitenote_active":false,"_exactmetrics_sitenote_note":"","_exactmetrics_sitenote_category":0,"footnotes":""},"class_list":["post-4805","page","type-page","status-publish","hentry"],"_links":{"self":[{"href":"https:\/\/liuto-forte.de\/fr\/wp-json\/wp\/v2\/pages\/4805","targetHints":{"allow":["GET"]}}],"collection":[{"href":"https:\/\/liuto-forte.de\/fr\/wp-json\/wp\/v2\/pages"}],"about":[{"href":"https:\/\/liuto-forte.de\/fr\/wp-json\/wp\/v2\/types\/page"}],"author":[{"embeddable":true,"href":"https:\/\/liuto-forte.de\/fr\/wp-json\/wp\/v2\/users\/1"}],"replies":[{"embeddable":true,"href":"https:\/\/liuto-forte.de\/fr\/wp-json\/wp\/v2\/comments?post=4805"}],"version-history":[{"count":1,"href":"https:\/\/liuto-forte.de\/fr\/wp-json\/wp\/v2\/pages\/4805\/revisions"}],"predecessor-version":[{"id":4806,"href":"https:\/\/liuto-forte.de\/fr\/wp-json\/wp\/v2\/pages\/4805\/revisions\/4806"}],"up":[{"embeddable":true,"href":"https:\/\/liuto-forte.de\/fr\/wp-json\/wp\/v2\/pages\/4169"}],"wp:attachment":[{"href":"https:\/\/liuto-forte.de\/fr\/wp-json\/wp\/v2\/media?parent=4805"}],"curies":[{"name":"wp","href":"https:\/\/api.w.org\/{rel}","templated":true}]}}