{"id":4809,"date":"2023-03-23T09:34:09","date_gmt":"2023-03-23T08:34:09","guid":{"rendered":"https:\/\/liuto-forte.de\/?page_id=4809"},"modified":"2023-03-23T09:34:09","modified_gmt":"2023-03-23T08:34:09","slug":"katharina-kaschny","status":"publish","type":"page","link":"https:\/\/liuto-forte.de\/fr\/willkommen\/musikerstimmen\/katharina-kaschny\/","title":{"rendered":"Katharina Kaschny"},"content":{"rendered":"<p>[et_pb_section bb_built=\u00a0\u00bb1&Prime;][et_pb_row _builder_version=\u00a0\u00bb3.19.6&Prime;][et_pb_column type=\u00a0\u00bb1_4&Prime;][et_pb_sidebar admin_label=\u00a0\u00bbSeitenleiste:\u00a0\u00bb _builder_version=\u00a0\u00bb3.19.6&Prime; area=\u00a0\u00bbet_pb_widget_area_2&Prime; show_border=\u00a0\u00bboff\u00a0\u00bb saved_tabs=\u00a0\u00bball\u00a0\u00bb global_module=\u00a0\u00bb302&Prime; \/][\/et_pb_column][et_pb_column type=\u00a0\u00bb3_4&Prime;][et_pb_text admin_label=\u00a0\u00bbTitel: Konstantin Bozhinov, Lautenist und Komponist, Kanada\u00a0\u00bb _builder_version=\u00a0\u00bb3.19.6&Prime;]<\/p>\n<h1>Katharina Kaschny<\/h1>\n<p>Gitarristin und Musikschulleiterin, Deutschland<br \/><strong>Arciliuto forte in g<\/strong><\/p>\n<p>Die Laute ist ein Traum. Ich habe schon einige Stunden des \u00dcbens und die erste Probe mit meiner S\u00e4ngerin hinter mir. Der Geiger darf noch warten. Bei einigen Liedern habe ich die Tonart ge\u00e4ndert &#8211; d.h. die bisherige Tonart an sich blieb fast gleich, aber durch die G-Stimmung und die 415 Hz muss ich mir gut spielbare Versionen einrichten.<\/p>\n<p>[\/et_pb_text][\/et_pb_column][\/et_pb_row][\/et_pb_section]<\/p>\n","protected":false},"excerpt":{"rendered":"<p>Katharina KaschnyGitarristin und Musikschulleiterin, DeutschlandArciliuto forte in gDie Laute ist ein Traum. Ich habe schon einige Stunden des \u00dcbens und die erste Probe mit meiner S\u00e4ngerin hinter mir. Der Geiger darf noch warten. Bei einigen Liedern habe ich die Tonart ge\u00e4ndert &#8211; d.h. die bisherige Tonart an sich blieb fast gleich, aber durch die G-Stimmung [&hellip;]<\/p>\n","protected":false},"author":1,"featured_media":0,"parent":4169,"menu_order":0,"comment_status":"closed","ping_status":"closed","template":"","meta":{"_et_pb_use_builder":"on","_et_pb_old_content":"","_et_gb_content_width":"","_exactmetrics_skip_tracking":false,"_exactmetrics_sitenote_active":false,"_exactmetrics_sitenote_note":"","_exactmetrics_sitenote_category":0,"footnotes":""},"class_list":["post-4809","page","type-page","status-publish","hentry"],"_links":{"self":[{"href":"https:\/\/liuto-forte.de\/fr\/wp-json\/wp\/v2\/pages\/4809","targetHints":{"allow":["GET"]}}],"collection":[{"href":"https:\/\/liuto-forte.de\/fr\/wp-json\/wp\/v2\/pages"}],"about":[{"href":"https:\/\/liuto-forte.de\/fr\/wp-json\/wp\/v2\/types\/page"}],"author":[{"embeddable":true,"href":"https:\/\/liuto-forte.de\/fr\/wp-json\/wp\/v2\/users\/1"}],"replies":[{"embeddable":true,"href":"https:\/\/liuto-forte.de\/fr\/wp-json\/wp\/v2\/comments?post=4809"}],"version-history":[{"count":1,"href":"https:\/\/liuto-forte.de\/fr\/wp-json\/wp\/v2\/pages\/4809\/revisions"}],"predecessor-version":[{"id":4810,"href":"https:\/\/liuto-forte.de\/fr\/wp-json\/wp\/v2\/pages\/4809\/revisions\/4810"}],"up":[{"embeddable":true,"href":"https:\/\/liuto-forte.de\/fr\/wp-json\/wp\/v2\/pages\/4169"}],"wp:attachment":[{"href":"https:\/\/liuto-forte.de\/fr\/wp-json\/wp\/v2\/media?parent=4809"}],"curies":[{"name":"wp","href":"https:\/\/api.w.org\/{rel}","templated":true}]}}